{"id":97,"date":"2021-03-09T13:13:06","date_gmt":"2021-03-09T13:13:06","guid":{"rendered":"https:\/\/bakerflix.it\/?page_id=97"},"modified":"2024-02-06T13:11:30","modified_gmt":"2024-02-06T12:11:30","slug":"tos","status":"publish","type":"page","link":"https:\/\/bakerplus.net\/de\/tos\/","title":{"rendered":"Allgemeine Gesch\u00e4ftsbedingungen"},"content":{"rendered":"<div data-elementor-type=\"wp-page\" data-elementor-id=\"97\" class=\"elementor elementor-97\">\n\t\t\t\t\t\t<section class=\"elementor-section elementor-top-section elementor-element elementor-element-2cf6d255 elementor-section-boxed elementor-section-height-default elementor-section-height-default\" data-id=\"2cf6d255\" data-element_type=\"section\" data-e-type=\"section\">\n\t\t\t\t\t\t<div class=\"elementor-container elementor-column-gap-default\">\n\t\t\t\t\t<div class=\"elementor-column elementor-col-100 elementor-top-column elementor-element elementor-element-744bcfb0\" data-id=\"744bcfb0\" data-element_type=\"column\" data-e-type=\"column\">\n\t\t\t<div class=\"elementor-widget-wrap elementor-element-populated\">\n\t\t\t\t\t\t<div class=\"elementor-element elementor-element-470aced1 elementor-widget elementor-widget-text-editor\" data-id=\"470aced1\" data-element_type=\"widget\" data-e-type=\"widget\" data-widget_type=\"text-editor.default\">\n\t\t\t\t<div class=\"elementor-widget-container\">\n\t\t\t\t\t\t\t\t\t<p><\/p>\n<div class=\"wp-block-image\">\n<figure class=\"aligncenter size-large\"><img decoding=\"async\" class=\"alignnone wp-image-2369\" src=\"https:\/\/bakerplus.net\/wp-content\/uploads\/2021\/03\/BAKER-Logo-Website.png\" alt=\"\" width=\"216\" height=\"39\"><p><\/p>\n<figcaption>Ver\u00f6ffentlichkeitszeitpunkt 09.03.2021<\/figcaption>\n<\/figure>\n<\/div>\n<p><\/p>\n<h2 class=\"wp-block-heading\">Allgemeine Gesch\u00e4ftsbedingungen<\/h2>\n<h2 class=\"has-text-color\" style=\"color: #2a9edd;\"><strong>I. BAKER+ \u2013 DIENST<\/strong><\/h2>\n<p><\/p>\n<p>Baker+ bietet einen Video-on-Demand-Dienst an, mit dem der Nutzer auf der Grundlage dieser Nutzungsbedingungen audiovisuelles Material (wie Filme und Serien - im Folgenden \"Inhalte\") online (durch Streaming) auf festen und mobilen Ger\u00e4ten ((Smart-)TV, Computer, Smartphone, Tablets usw.) ansehen kann, auch in (Ultra-)HD.<\/p>\n<p>Dieser Dienst ist kostenlos.<\/p>\n<p>Die Baker+ Software sowie ihre Funktionen und Merkmale k\u00f6nnen von Ger\u00e4t zu Ger\u00e4t variieren, und ihre Nutzung kann Softwarelizenzen von Drittanbietern unterliegen. Die M\u00f6glichkeit, Inhalte in (Ultra-)HD und\/oder HDR anzusehen, h\u00e4ngt vom Internetanbieter und dem Ger\u00e4t des Nutzers ab. Sie k\u00f6nnen Baker+ nutzen, indem Sie auf Festnetz- und Mobilger\u00e4ten zu bakerplus.net surfen.<\/p>\n<p>Baker+ kann zur gleichen Zeit auf verschiedenen Endger\u00e4ten benutzt werden.<\/p>\n<p>Baker+ kann die Baker+ Plattform und die darauf befindlichen Inhalte ohne zus\u00e4tzliche Kosten und ohne vorherige Benachrichtigung des Nutzers st\u00e4ndig anpassen. Dar\u00fcber hinaus kann Baker+ f\u00fcr eine bestimmte Zeit zu Wartungs- und Entwicklungszwecken eingeschr\u00e4nkt oder unterbrochen werden, ohne dass Baker+ eine Entsch\u00e4digung an den Nutzer schuldet. In solchen F\u00e4llen wird Baker+ den Nutzer, soweit dies vern\u00fcnftigerweise m\u00f6glich ist, rechtzeitig dar\u00fcber informieren.<\/p>\n<p><\/p>\n<h2 class=\"has-text-color wp-block-heading\" style=\"color: #2a9edd;\"><strong>II. ACCOUNT CREATION<\/strong><\/h2>\n<p><\/p>\n<p>To be able to use Baker+, you do not need to create an account. You will be asked to provide certain information, such as your email, user password, name, date of birth. You guarantee that you will keep track of the data that you provide for your account and keep it up-to-date so that it is always accurate and complete. You will need to use a password to access your account. You must choose a password that is not obvious and sufficiently secure. Your password is personal and you should not share it with others. It\u2019s your responsibility to guard its secrecy.<\/p>\n<p>Sie sind f\u00fcr die mit Ihrem Konto durchgef\u00fchrten Aktionen verantwortlich.<\/p>\n<p>Sie m\u00fcssen mindestens 13 Jahre alt sein, um ein Konto zu erstellen.<\/p>\n<p>Baker+ beh\u00e4lt sich das Recht vor, Ihr Konto f\u00fcr einen bestimmten Zeitraum oder dauerhaft zu sperren, wenn Sie sich nicht an die vorliegenden Bedingungen und\/oder das geltende Recht halten. In solchen F\u00e4llen schuldet Baker+ dem Nutzer keine Entsch\u00e4digung.<\/p>\n<p><\/p>\n<h2 class=\"has-text-color wp-block-heading\" style=\"color: #2a9edd;\">III. ZEITRAUM UND K\u00dcNDIGUNG<\/h2>\n<p><\/p>\n<p>You can use the service of Baker+ as soon as the registration process is completed and continues until it is terminated. The right of withdrawal provided for in articles VI.47 &#8211; VI.53 CEL does not apply. Your account can be terminated at any time by going to sending a mail to support@bakerplus.net. Your account will then be removed by our support staff. After termination your access to Baker+ ends instantly.<\/p>\n<p>Baker+ kann, wenn Sie gegen diese Bedingungen und\/oder die Gesetzgebung versto\u00dfen, jederzeit Ihr Konto mit sofortiger Wirkung k\u00fcndigen, ohne dass Ihnen eine Entsch\u00e4digung geschuldet wird.<\/p>\n<p>Baker+ hat das Recht, Ihr Konto ohne Angabe von Gr\u00fcnden und ohne gerichtliche Intervention zu k\u00fcndigen.<\/p>\n<p><\/p>\n<h2 class=\"has-text-color wp-block-heading\" style=\"color: #2a9edd;\"><strong>IV. PREISE UND BEZAHLMETHODEN<\/strong><\/h2>\n<p><\/p>\n<p>F\u00fcr die Nutzung von Baker+ wird keine monatliche\/j\u00e4hrliche feste Abonnementgeb\u00fchr berechnet.<\/p>\n<p>Baker+ beh\u00e4lt sich das Recht vor, auf ein Abonnementmodell umzustellen. Sollte dies der Fall sein, wird Baker+ Sie rechtzeitig dar\u00fcber informieren. Sie haben auch das Recht, vor Inkrafttreten des neuen Abonnementmodells Ihr Konto ohne Entsch\u00e4digung gem\u00e4\u00df Artikel III dieser Bedingungen zu k\u00fcndigen.<\/p>\n<p><\/p>\n<h2 class=\"has-text-color wp-block-heading\" style=\"color: #2a9edd;\"><strong>V. NUTZUNGSRECHT \u2013 LIZENZ<\/strong><\/h2>\n<p><\/p>\n<p>Der Baker+-Nutzer hat ein begrenztes, nicht ausschlie\u00dfliches, nicht \u00fcbertragbares und nicht unterlizenzierbares Recht zur Nutzung der Inhalte gem\u00e4\u00df diesen Bedingungen.<\/p>\n<p>Der Baker+ Service und der Inhalt sind nur f\u00fcr den pers\u00f6nlichen, nicht-kommerziellen Gebrauch bestimmt und d\u00fcrfen nicht mit anderen Personen au\u00dferhalb der h\u00e4uslichen Umgebung geteilt werden. Der Inhalt darf nicht ver\u00e4ndert, verteilt, archiviert, unter Verletzung dieser Bedingungen angezeigt, vervielf\u00e4ltigt, zum Verkauf angeboten, lizenziert, zur Erstellung von Derivaten verwendet, verteilt, hochgeladen, \u00f6ffentlich gezeigt werden, usw. Der Nutzer stellt Baker+ von allen Sch\u00e4den frei, die aus dieser unrechtm\u00e4\u00dfigen Nutzung resultieren.<\/p>\n<p>Der Nutzer darf den bereitgestellten Inhaltsschutz nicht umgehen, entfernen, deaktivieren, einschr\u00e4nken, st\u00f6ren usw. (versuchen). Der Nutzer darf auch nicht manipulieren, dekompilieren, zur\u00fcckentwickeln, disassemblieren oder versuchen, zu manipulieren, dekompilieren, zur\u00fcckentwickeln usw.<\/p>\n<p>Wenn Baker+ feststellt, dass der Nutzer Baker+ und\/oder den Inhalt unter Verletzung dieser allgemeinen Gesch\u00e4ftsbedingungen und\/oder der geltenden Gesetzgebung nutzt, kann Baker+ das Konto des Nutzers rechtzeitig oder dauerhaft sperren und dem Nutzer den Zugang zu Baker+ und dem Inhalt auf \u00e4hnliche Weise oder dauerhaft verweigern.<\/p>\n<p><\/p>\n<h2 class=\"has-text-color wp-block-heading\" style=\"color: #2a9edd;\"><strong>VI. HAFTUNG<\/strong><\/h2>\n<p><\/p>\n<p>Baker+ schliesst, soweit gesetzlich m\u00f6glich, die Haftung f\u00fcr Sch\u00e4den aus oder im Zusammenhang mit der Nutzung von Baker+, einschliesslich Nichtverf\u00fcgbarkeit, St\u00f6rungen und Unterbrechungen, aus, ausser im Falle von Vorsatz oder grober Fahrl\u00e4ssigkeit von Baker+.<\/p>\n<p>Baker+ garantiert keine kontinuierliche und ununterbrochene Nutzung von Baker+. Es k\u00f6nnen Umst\u00e4nde eintreten, wie z.B. (aber nicht nur) eine \u00dcberlastung des Netzes, in deren Folge Baker+ vor\u00fcbergehend nicht (vollst\u00e4ndig) verf\u00fcgbar ist. In solchen F\u00e4llen schuldet Baker+ keine (Schadens-)Entsch\u00e4digung.<\/p>\n<p>Die erfolgreiche Nutzung von Baker+ und das Empfangen und Abspielen von Inhalten unterliegt den technischen Funktionen und Einschr\u00e4nkungen des Ger\u00e4ts des Nutzers. Baker+ kann nicht verantwortlich gemacht werden, wenn Baker+ auf einem bestimmten Ger\u00e4t nicht verwendet werden kann.<\/p>\n<p>Baker+ garantiert nicht, dass die Inhalte den inhaltlichen Erwartungen des Nutzers entsprechen. Baker+ kann in keinem Fall daf\u00fcr haftbar gemacht werden.<\/p>\n<p>Baker+ kann nicht f\u00fcr Fehler von Dritten, mit denen Baker+ im Rahmen dieses Baker+-Dienstes zusammenarbeitet, haftbar gemacht werden.<\/p>\n<p>Baker+ haftet nicht f\u00fcr Fehler Dritter, mit denen Baker+ im Rahmen dieses Baker+-Dienstes zusammenarbeitet, und der Nutzer haftet gegen\u00fcber Baker+ f\u00fcr den Schaden, der Baker+ durch die Nutzung des Baker+-Dienstes und\/oder der Inhalte unter Versto\u00df gegen die vorliegenden allgemeinen Nutzungsbedingungen und\/oder das geltende Recht entsteht.<\/p>\n<p><\/p>\n<h2 class=\"has-text-color wp-block-heading\" style=\"color: #2a9edd;\"><strong>VII. PRIVATSSPH\u00c4RE<\/strong><\/h2>\n<p><\/p>\n<p>Your personal data will be processed by Baker+, because this is necessary for the implementation and management of your account. In our legitimate interest, we also process your personal data for analysis purposes. Your data can be transferred to our partners. We do not store your data longer than necessary for the processing of the purpose for which it was collected. You can exercise your right of access, correction, limitation, objection and transferability, and reach us via support@bakerplus.net. You can also submit a complaint to the Data Protection Authority. If you would like more information, please refer to our privacy policy (<a href=\"http:\/\/bakerplus.net\/de\/privacy-policy\/\">bakerplus.net\/privacy-policy<\/a>).<\/p>\n<p><\/p>\n<h2 class=\"has-text-color wp-block-heading\" style=\"color: #2a9edd;\"><strong>VIII. KUNDENDIENST<\/strong><\/h2>\n<p><\/p>\n<p>If you have any questions about your account or the use of Baker+, you can contact our customer service via support@bakerplus.net.<\/p>\n<p><\/p>\n<h2 class=\"has-text-color wp-block-heading\" style=\"color: #2a9edd;\"><strong>IX. ELEKTRONISCHE KOMMUNIKATION<\/strong><\/h2>\n<p><\/p>\n<p>Unsere gesamte Kommunikation im Zusammenhang mit Baker+ (im Zusammenhang mit Ihrem Konto, Best\u00e4tigungsnachrichten, Benachrichtigungen usw.) erfolgt ausschlie\u00dflich auf elektronischem Wege, per E-Mail an die von Ihnen angegebene E-Mail-Adresse.<\/p>\n<p><\/p>\n<h2 class=\"has-text-color wp-block-heading\" style=\"color: #2a9edd;\"><strong>X. GELTENDES RECHT UND STREITIGKEITEN<\/strong><\/h2>\n<p><\/p>\n<p>F\u00fcr solche Streitigkeiten sind ausschlie\u00dflich die Gerichte in Berlin zust\u00e4ndig.<\/p>\n<p><\/p>\n<h2 class=\"has-text-color wp-block-heading\" style=\"color: #2a9edd;\"><strong>XI. SONSTIGES<\/strong><\/h2>\n<p><\/p>\n<p>Baker+ wird Ihnen von Fabian Siebecke angeboten.<\/p>\n<p>Diese allgemeinen Gesch\u00e4ftsbedingungen regeln zusammen mit der Datenschutzerkl\u00e4rung auf unserer Website ausschlie\u00dflich das gesamte Vertragsverh\u00e4ltnis zwischen Ihnen als Zuschauer und Baker+. Sie erkl\u00e4ren, dass Sie diese allgemeinen Gesch\u00e4ftsbedingungen zur Kenntnis genommen haben und sie vorbehaltlos akzeptieren.<\/p>\n<p>Baker+ kann diese Bedingungen jederzeit \u00e4ndern. In einem solchen Fall werden Sie rechtzeitig dar\u00fcber informiert.<\/p>\n<p>Sollte sich eine (Teil-)Bestimmung dieser Allgemeinen Gesch\u00e4ftsbedingungen als ung\u00fcltig oder nicht durchsetzbar erweisen, so ber\u00fchrt dies nicht die G\u00fcltigkeit und Durchsetzbarkeit der \u00fcbrigen (Teil-)Bestimmungen dieser Allgemeinen Gesch\u00e4ftsbedingungen.<\/p>\n<p><\/p>\t\t\t\t\t\t\t\t<\/div>\n\t\t\t\t<\/div>\n\t\t\t\t\t<\/div>\n\t\t<\/div>\n\t\t\t\t\t<\/div>\n\t\t<\/section>\n\t\t\t\t<\/div>","protected":false},"excerpt":{"rendered":"<p>Terms And Conditions I. BAKER+ &#8211; SERVICE Baker+ delivers a video on demand service which the user, based on these terms of service, can watch audiovisual material (such as films and series &#8211; hereinafter the \u2018content\u2019) online (through streaming) on fixed and mobile devices ((smart) TV, computer, smartphone, tablets, etc.), whether or not in (Ultra) [&hellip;]<\/p>\n","protected":false},"author":1,"featured_media":0,"parent":0,"menu_order":0,"comment_status":"closed","ping_status":"closed","template":"elementor_header_footer","meta":{"footnotes":""},"class_list":["post-97","page","type-page","status-publish","hentry"],"aioseo_notices":[],"publishpress_future_action":{"enabled":false,"date":"2026-04-26 06:00:05","action":"change-status","newStatus":"draft","terms":[],"taxonomy":"pp_notify_user","extraData":[]},"publishpress_future_workflow_manual_trigger":{"enabledWorkflows":[]},"_links":{"self":[{"href":"https:\/\/bakerplus.net\/de\/wp-json\/wp\/v2\/pages\/97","targetHints":{"allow":["GET"]}}],"collection":[{"href":"https:\/\/bakerplus.net\/de\/wp-json\/wp\/v2\/pages"}],"about":[{"href":"https:\/\/bakerplus.net\/de\/wp-json\/wp\/v2\/types\/page"}],"author":[{"embeddable":true,"href":"https:\/\/bakerplus.net\/de\/wp-json\/wp\/v2\/users\/1"}],"replies":[{"embeddable":true,"href":"https:\/\/bakerplus.net\/de\/wp-json\/wp\/v2\/comments?post=97"}],"version-history":[{"count":3,"href":"https:\/\/bakerplus.net\/de\/wp-json\/wp\/v2\/pages\/97\/revisions"}],"predecessor-version":[{"id":3627,"href":"https:\/\/bakerplus.net\/de\/wp-json\/wp\/v2\/pages\/97\/revisions\/3627"}],"wp:attachment":[{"href":"https:\/\/bakerplus.net\/de\/wp-json\/wp\/v2\/media?parent=97"}],"curies":[{"name":"wp","href":"https:\/\/api.w.org\/{rel}","templated":true}]}}