{"id":313,"date":"2021-03-21T21:33:37","date_gmt":"2021-03-21T21:33:37","guid":{"rendered":"https:\/\/bakerplus.net\/?page_id=313"},"modified":"2022-02-28T14:44:12","modified_gmt":"2022-02-28T14:44:12","slug":"imprint","status":"publish","type":"page","link":"https:\/\/bakerplus.net\/de\/imprint\/","title":{"rendered":"Impressum"},"content":{"rendered":"<div data-elementor-type=\"wp-page\" data-elementor-id=\"313\" class=\"elementor elementor-313\">\n\t\t\t\t\t\t<section class=\"elementor-section elementor-top-section elementor-element elementor-element-18a83336 elementor-section-boxed elementor-section-height-default elementor-section-height-default\" data-id=\"18a83336\" data-element_type=\"section\" data-e-type=\"section\">\n\t\t\t\t\t\t<div class=\"elementor-container elementor-column-gap-default\">\n\t\t\t\t\t<div class=\"elementor-column elementor-col-100 elementor-top-column elementor-element elementor-element-2d3d180b\" data-id=\"2d3d180b\" data-element_type=\"column\" data-e-type=\"column\">\n\t\t\t<div class=\"elementor-widget-wrap elementor-element-populated\">\n\t\t\t\t\t\t<div class=\"elementor-element elementor-element-1dff84b5 elementor-widget elementor-widget-text-editor\" data-id=\"1dff84b5\" data-element_type=\"widget\" data-e-type=\"widget\" data-widget_type=\"text-editor.default\">\n\t\t\t\t<div class=\"elementor-widget-container\">\n\t\t\t\t\t\t\t\t\t\n<h1 class=\"wp-block-heading\">Impressum<\/h1>\n\n\n\n<p>Informationen nach \u00a7 5 TMG<br>Website Betreiber: Fabian Siebecke<br>Weitere Informationen k\u00f6nnen per E-Mail angefordert werden, da Baker+ ein privates Projekt ist und als nicht kommerzielle Einrichtung nicht verpflichtet ist, eine Adresse zu ver\u00f6ffentlichen.<\/p>\n\n\n\n<h2 class=\"wp-block-heading\">Kontakt<\/h2>\n\n\n\n<p>E-Mail:&nbsp;<a href=\"mailto:legal@bakerplus.net\" data-type=\"mailto\" data-id=\"mailto:legal@bakerplus.net\">legal@bakerplus.net<\/a><br>Internet Adresse&nbsp;<a rel=\"noreferrer noopener\" href=\"https:\/\/bakerplus.net\/de\/\" target=\"_blank\" data-type=\"URL\" data-id=\"https:\/\/bakerplus.net\">https:\/\/bakerplus.ne<\/a><a href=\"https:\/\/bakerplus.net\/de\/\" data-type=\"URL\" data-id=\"https:\/\/bakerplus.net\" target=\"_blank\" rel=\"noreferrer noopener\">t<\/a><\/p>\n\n\n\n<h2 class=\"wp-block-heading\">Haftungsausschluss<\/h2>\n\n\n\n<h4 class=\"wp-block-heading\">Verantwortlichkeit f\u00fcr den Inhalt<\/h4>\n\n\n\n<p>Die Inhalte unserer Seiten wurden mit gr\u00f6\u00dfter Sorgfalt erstellt. F\u00fcr die Richtigkeit, Vollst\u00e4ndigkeit und Aktualit\u00e4t der Inhalte k\u00f6nnen wir jedoch keine Gew\u00e4hr \u00fcbernehmen. Gem\u00e4\u00df den gesetzlichen Bestimmungen sind wir dar\u00fcber hinaus f\u00fcr eigene Inhalte auf diesen Seiten verantwortlich. Wir weisen in diesem Zusammenhang darauf hin, dass wir nicht verpflichtet sind, \u00fcbermittelte oder gespeicherte fremde Informationen zu \u00fcberwachen oder nach Umst\u00e4nden zu forschen, die auf eine rechtswidrige T\u00e4tigkeit hinweisen. Verpflichtungen zur Entfernung oder Sperrung der Nutzung von Informationen nach den allgemeinen Gesetzen bleiben nach den \u00a7\u00a7 8 bis 10 TMG hiervon unber\u00fchrt.<\/p>\n\n\n\n<h4 class=\"wp-block-heading\">Verantwortlichkeit f\u00fcr Links<\/h4>\n\n\n\n<p>Responsibility for the content of external links (to web pages of third parties) lies solely with the operators of the linked pages. No violations were evident to us at the time of linking. Should any legal infringement become known to us, we will remove the respective link immediately.<\/p>\n\n\n\n<h4 class=\"wp-block-heading\">Urheberrecht<\/h4>\n\n\n\n<p>Unsere Webseiten und deren Inhalte unterliegen dem deutschen Urheberrecht. Jede Form der Verwertung, Vervielf\u00e4ltigung oder Bearbeitung von urheberrechtlich gesch\u00fctzten Werken auf unseren Webseiten bedarf, soweit nicht ausdr\u00fccklich gesetzlich erlaubt, der vorherigen Zustimmung des jeweiligen Rechteinhabers. Einzelne Vervielf\u00e4ltigungen eines Werkes sind nur f\u00fcr den privaten Gebrauch gestattet. Die Materialien auf diesen Seiten sind urheberrechtlich gesch\u00fctzt und jede unerlaubte Nutzung kann gegen das Urheberrecht versto\u00dfen.<\/p>\n\t\t\t\t\t\t\t\t<\/div>\n\t\t\t\t<\/div>\n\t\t\t\t\t<\/div>\n\t\t<\/div>\n\t\t\t\t\t<\/div>\n\t\t<\/section>\n\t\t\t\t<\/div>","protected":false},"excerpt":{"rendered":"<p>Legal Disclosure Information in accordance with Section 5 TMGWebsite Owner: Fabian SiebeckeMore information can be requested via e-mail as Baker+ is a private project and as a non commercial entity, is not required to publicly list an address. Contact Information E-Mail:&nbsp;legal@bakerplus.netInternet address:&nbsp;https:\/\/bakerplus.net Disclaimer Accountability for content The contents of our pages have been created with [&hellip;]<\/p>\n","protected":false},"author":1,"featured_media":0,"parent":0,"menu_order":0,"comment_status":"closed","ping_status":"closed","template":"elementor_header_footer","meta":{"footnotes":""},"class_list":["post-313","page","type-page","status-publish","hentry"],"aioseo_notices":[],"publishpress_future_action":{"enabled":false,"date":"2026-04-26 07:34:28","action":"change-status","newStatus":"draft","terms":[],"taxonomy":"pp_notify_user","extraData":[]},"publishpress_future_workflow_manual_trigger":{"enabledWorkflows":[]},"_links":{"self":[{"href":"https:\/\/bakerplus.net\/de\/wp-json\/wp\/v2\/pages\/313","targetHints":{"allow":["GET"]}}],"collection":[{"href":"https:\/\/bakerplus.net\/de\/wp-json\/wp\/v2\/pages"}],"about":[{"href":"https:\/\/bakerplus.net\/de\/wp-json\/wp\/v2\/types\/page"}],"author":[{"embeddable":true,"href":"https:\/\/bakerplus.net\/de\/wp-json\/wp\/v2\/users\/1"}],"replies":[{"embeddable":true,"href":"https:\/\/bakerplus.net\/de\/wp-json\/wp\/v2\/comments?post=313"}],"version-history":[{"count":0,"href":"https:\/\/bakerplus.net\/de\/wp-json\/wp\/v2\/pages\/313\/revisions"}],"wp:attachment":[{"href":"https:\/\/bakerplus.net\/de\/wp-json\/wp\/v2\/media?parent=313"}],"curies":[{"name":"wp","href":"https:\/\/api.w.org\/{rel}","templated":true}]}}