{"id":2659,"date":"2022-08-24T01:19:40","date_gmt":"2022-08-24T00:19:40","guid":{"rendered":"https:\/\/bakerplus.net\/?page_id=2659"},"modified":"2023-03-17T03:28:14","modified_gmt":"2023-03-17T02:28:14","slug":"originals","status":"publish","type":"page","link":"https:\/\/bakerplus.net\/de\/originals\/","title":{"rendered":"Originals"},"content":{"rendered":"<div data-elementor-type=\"wp-page\" data-elementor-id=\"2659\" class=\"elementor elementor-2659\">\n\t\t\t\t\t\t<section class=\"elementor-section elementor-top-section elementor-element elementor-element-920f90e elementor-section-boxed elementor-section-height-default elementor-section-height-default\" data-id=\"920f90e\" data-element_type=\"section\" data-e-type=\"section\">\n\t\t\t\t\t\t<div class=\"elementor-container elementor-column-gap-default\">\n\t\t\t\t\t<div class=\"elementor-column elementor-col-100 elementor-top-column elementor-element elementor-element-81f0ee8\" data-id=\"81f0ee8\" data-element_type=\"column\" data-e-type=\"column\">\n\t\t\t<div class=\"elementor-widget-wrap elementor-element-populated\">\n\t\t\t\t\t\t<div class=\"elementor-element elementor-element-ed951a2 elementor-widget elementor-widget-spacer\" data-id=\"ed951a2\" data-element_type=\"widget\" data-e-type=\"widget\" data-widget_type=\"spacer.default\">\n\t\t\t\t<div class=\"elementor-widget-container\">\n\t\t\t\t\t\t\t<div class=\"elementor-spacer\">\n\t\t\t<div class=\"elementor-spacer-inner\"><\/div>\n\t\t<\/div>\n\t\t\t\t\t\t<\/div>\n\t\t\t\t<\/div>\n\t\t\t\t\t<\/div>\n\t\t<\/div>\n\t\t\t\t\t<\/div>\n\t\t<\/section>\n\t\t\t\t<section class=\"elementor-section elementor-top-section elementor-element elementor-element-2b5b5fe elementor-section-full_width elementor-section-height-default elementor-section-height-default\" data-id=\"2b5b5fe\" data-element_type=\"section\" data-e-type=\"section\">\n\t\t\t\t\t\t<div class=\"elementor-container elementor-column-gap-default\">\n\t\t\t\t\t<div class=\"elementor-column elementor-col-100 elementor-top-column elementor-element elementor-element-9eb82c3\" data-id=\"9eb82c3\" data-element_type=\"column\" data-e-type=\"column\" data-settings=\"{&quot;background_background&quot;:&quot;gradient&quot;}\">\n\t\t\t<div class=\"elementor-widget-wrap elementor-element-populated\">\n\t\t\t\t\t<div class=\"elementor-background-overlay\"><\/div>\n\t\t\t\t\t\t<div class=\"elementor-element elementor-element-0ed22a2 elementor-widget elementor-widget-progression-video-carousel-list\" data-id=\"0ed22a2\" data-element_type=\"widget\" data-e-type=\"widget\" data-widget_type=\"progression-video-carousel-list.default\">\n\t\t\t\t<div class=\"elementor-widget-container\">\n\t\t\t\t\t\t\n\n\t\n\t<div class=\"progression-studios-elementor-video-carousel-container\">\n        \n        <div class=\"progression-studios-carousel-overflow\" style=\"margin-left:-15px; margin-right:-15px; padding-left:15px; padding-right:15px;\">\n\t\t\t<div id=\"progression-studios-carousel-elementor-0ed22a2\" class=\"progression-studios-season-video-list aztec-carousel\">\n\t\t\t\t\t\t\t<\/div><!-- close #progression-video-index-masonry-0ed22a2  -->\n        <\/div><!-- close .progression-studios-carousel-overflow -->\n\t\t<div class=\"clearfix-pro\"><\/div>\n\t\t\n\t\n\t<\/div><!-- close .progression-studios-elementor-video-carousel-container -->\n\t\n    \n    \n    \n\t<script type=\"text\/javascript\">\n\tjQuery(document).ready(function($) {\n\t\t'use strict';\n\t\t\n\t\t$('#progression-studios-carousel-elementor-0ed22a2').owlCarousel({\n\t\t    margin:15,\n    \t\titemElement: \"li\",\n    \t\tstageElement: \"ul\",\n\t\t    items:5,\n\t\t\tnav: true,\n\t\t\tslideBy:2,\n            itemClass: \"aztec-carousel-item\",\n                        loop: false,\/* Fix for infinite loop without enoguh posts. Doens't quite work on tablet\/mobile though *\/\n                        rewind: false,\n            onTranslated: AztecDisplayPrevNav0ed22a2,\n            responsive : {\n\t\t\t    \/\/ breakpoint from 0 up\n\t\t\t    0 : {\n\t\t\t        items:2,\n\t\t\t    },\n\t\t\t    \/\/ breakpoint from 768 up\n\t\t\t    768 : {\n\t\t\t        items:3,\n\t\t\t    },\n\t\t\t    \/\/ breakpoint from 1025 up\n\t\t\t    1025 : {\n\t\t\t        items:5,\n\t\t\t    }\n\t\t\t}\n\t\t});\n        \n        function AztecDisplayPrevNav0ed22a2(){ $(\"#progression-studios-carousel-elementor-0ed22a2\").addClass(\"aztec-carousel-left-arrow-on\"); }\n\t\t\n\t});\n\t<\/script>\n    \n\t\n\n\t\t\n\n    \t\t\t\t\t<\/div>\n\t\t\t\t<\/div>\n\t\t\t\t\t<\/div>\n\t\t<\/div>\n\t\t\t\t\t<\/div>\n\t\t<\/section>\n\t\t\t\t<section class=\"elementor-section elementor-top-section elementor-element elementor-element-b3864a6 elementor-section-boxed elementor-section-height-default elementor-section-height-default\" data-id=\"b3864a6\" data-element_type=\"section\" data-e-type=\"section\">\n\t\t\t\t\t\t<div class=\"elementor-container elementor-column-gap-default\">\n\t\t\t\t\t<div class=\"elementor-column elementor-col-100 elementor-top-column elementor-element elementor-element-3e5c663\" data-id=\"3e5c663\" data-element_type=\"column\" data-e-type=\"column\">\n\t\t\t<div class=\"elementor-widget-wrap\">\n\t\t\t\t\t\t\t<\/div>\n\t\t<\/div>\n\t\t\t\t\t<\/div>\n\t\t<\/section>\n\t\t\t\t<section class=\"elementor-section elementor-top-section elementor-element elementor-element-8f40d1a elementor-section-boxed elementor-section-height-default elementor-section-height-default\" data-id=\"8f40d1a\" data-element_type=\"section\" data-e-type=\"section\">\n\t\t\t\t\t\t<div class=\"elementor-container elementor-column-gap-default\">\n\t\t\t\t\t<div class=\"elementor-column elementor-col-100 elementor-top-column elementor-element elementor-element-a2e7254\" data-id=\"a2e7254\" data-element_type=\"column\" data-e-type=\"column\">\n\t\t\t<div class=\"elementor-widget-wrap elementor-element-populated\">\n\t\t\t\t\t\t<div class=\"elementor-element elementor-element-1f1acdf elementor-widget elementor-widget-heading\" data-id=\"1f1acdf\" data-element_type=\"widget\" data-e-type=\"widget\" data-widget_type=\"heading.default\">\n\t\t\t\t<div class=\"elementor-widget-container\">\n\t\t\t\t\t<h2 class=\"elementor-heading-title elementor-size-default\">Was sind Baker+ Originals?<\/h2>\t\t\t\t<\/div>\n\t\t\t\t<\/div>\n\t\t\t\t<section class=\"elementor-section elementor-inner-section elementor-element elementor-element-e3187dd elementor-section-boxed elementor-section-height-default elementor-section-height-default\" data-id=\"e3187dd\" data-element_type=\"section\" data-e-type=\"section\">\n\t\t\t\t\t\t<div class=\"elementor-container elementor-column-gap-default\">\n\t\t\t\t\t<div class=\"elementor-column elementor-col-50 elementor-inner-column elementor-element elementor-element-7863cb5\" data-id=\"7863cb5\" data-element_type=\"column\" data-e-type=\"column\">\n\t\t\t<div class=\"elementor-widget-wrap elementor-element-populated\">\n\t\t\t\t\t\t<div class=\"elementor-element elementor-element-bf31691 elementor-widget elementor-widget-text-editor\" data-id=\"bf31691\" data-element_type=\"widget\" data-e-type=\"widget\" data-widget_type=\"text-editor.default\">\n\t\t\t\t<div class=\"elementor-widget-container\">\n\t\t\t\t\t\t\t\t\t<p>Ein Baker+ Original ist ein Film oder eine Serie, der\/die von Baker+ produziert wurde oder sich im Besitz von Baker+ befindet. Es gibt mehrere M\u00f6glichkeiten, ein Baker+ Original zu produzieren. Die h\u00e4ufigste ist, dass Baker+ es selbst oder in Zusammenarbeit mit einem Partnerstudio produziert. Baker+ ist auch daran interessiert, Produktionen nach Fertigstellung zu erwerben, die unseren Qualit\u00e4tsanforderungen entsprechen. Insgesamt zielen die Baker+ Originale darauf ab, in jeder Hinsicht von h\u00f6chster Qualit\u00e4t zu sein und den Zuschauern den gr\u00f6\u00dftm\u00f6glichen Unterhaltungswert zu bieten.\n\n\u00dcbersetzt mit www.DeepL.com\/Translator (kostenlose Version)<\/p>\t\t\t\t\t\t\t\t<\/div>\n\t\t\t\t<\/div>\n\t\t\t\t<div class=\"elementor-element elementor-element-0db96be elementor-widget elementor-widget-button\" data-id=\"0db96be\" data-element_type=\"widget\" data-e-type=\"widget\" data-widget_type=\"button.default\">\n\t\t\t\t<div class=\"elementor-widget-container\">\n\t\t\t\t\t\t\t\t\t<div class=\"elementor-button-wrapper\">\n\t\t\t\t\t<a class=\"elementor-button elementor-button-link elementor-size-sm\" href=\"https:\/\/bakerplus.net\/de\/media-genre\/original\/\">\n\t\t\t\t\t\t<span class=\"elementor-button-content-wrapper\">\n\t\t\t\t\t\t\t\t\t<span class=\"elementor-button-text\">Originals anschauen<\/span>\n\t\t\t\t\t<\/span>\n\t\t\t\t\t<\/a>\n\t\t\t\t<\/div>\n\t\t\t\t\t\t\t\t<\/div>\n\t\t\t\t<\/div>\n\t\t\t\t\t<\/div>\n\t\t<\/div>\n\t\t\t\t<div class=\"elementor-column elementor-col-50 elementor-inner-column elementor-element elementor-element-2fddd06\" data-id=\"2fddd06\" data-element_type=\"column\" data-e-type=\"column\">\n\t\t\t<div class=\"elementor-widget-wrap elementor-element-populated\">\n\t\t\t\t\t\t<div class=\"elementor-element elementor-element-f19c681 elementor-widget elementor-widget-image\" data-id=\"f19c681\" data-element_type=\"widget\" data-e-type=\"widget\" data-widget_type=\"image.default\">\n\t\t\t\t<div class=\"elementor-widget-container\">\n\t\t\t\t\t\t\t\t\t\t\t\t\t\t\t<img fetchpriority=\"high\" decoding=\"async\" width=\"1024\" height=\"428\" src=\"https:\/\/bakerplus.net\/wp-content\/uploads\/2022\/08\/Uberboss.png\" class=\"attachment-large size-large wp-image-2683\" alt=\"\" \/>\t\t\t\t\t\t\t\t\t\t\t\t\t\t\t<\/div>\n\t\t\t\t<\/div>\n\t\t\t\t\t<\/div>\n\t\t<\/div>\n\t\t\t\t\t<\/div>\n\t\t<\/section>\n\t\t\t\t\t<\/div>\n\t\t<\/div>\n\t\t\t\t\t<\/div>\n\t\t<\/section>\n\t\t\t\t<section class=\"elementor-section elementor-top-section elementor-element elementor-element-a4fac23 elementor-section-full_width elementor-section-height-default elementor-section-height-default\" data-id=\"a4fac23\" data-element_type=\"section\" data-e-type=\"section\">\n\t\t\t\t\t\t<div class=\"elementor-container elementor-column-gap-no\">\n\t\t\t\t\t<div class=\"elementor-column elementor-col-100 elementor-top-column elementor-element elementor-element-a2133e0\" data-id=\"a2133e0\" data-element_type=\"column\" data-e-type=\"column\">\n\t\t\t<div class=\"elementor-widget-wrap elementor-element-populated\">\n\t\t\t\t\t\t<div class=\"elementor-element elementor-element-626775b elementor-widget elementor-widget-progression-slider-post-list\" data-id=\"626775b\" data-element_type=\"widget\" data-e-type=\"widget\" data-widget_type=\"progression-slider-post-list.default\">\n\t\t\t\t<div class=\"elementor-widget-container\">\n\t\t\t\t\t\t\n\n\t\n\t<div class=\"progression-studios-elementor-video-slider-container progression_elements_slider_arrow_visiblity_hover progression_elements_slider_dots_visiblity_visible progression_slider_width_full\">\n        <div class=\"boosted-elements-slider-loader-height\">\n        \n    \t\t<div id=\"progression-video-slider-626775b\" class=\"flexslider\">\n                <ul class=\"slides\">\n    \t\t\t    <li class=\"progression_animate_none\">\n    \n    <div id=\"post-2992\" class=\"progression-studios-video-slider-slide\">\n        <div class=\"progression-studios-aztec-slider-background\" style=\"background-image:url('https:\/\/bakerplus.net\/wp-content\/uploads\/2022\/10\/MALAIKA-Slider-1.png')\">\n            \n            \n\t\t\t<div class=\"progression-skrn-slider-elements-display-table\">\n\t\t\t\t\n\t\t\t\t\n\t\t\t\t<div class=\"progression-skrn-slider-text-floating-container\">\n\t\t\t\t\t<div class=\"progression-skrn-slider-container-max-width\">\n\t\t\t\t\t<div class=\"progression-skrn-slider-content-floating-container\">\n\t\t\t\t\t<div class=\"progression-skrn-slider-content-max-width\">\n\t\t\t\t\t\t\n\t\t\t\t\t\t<div class=\"progression-skrn-slider-content-margins\">\n\t\t\t\t\t\t\t\t<div class=\"progression-skrn-slider-content-alignment\">\n            \n        \t<div class=\"progression-video-slider-content\">\n                \n                                        \n                \n\t\t\t\t\t\t\t\t\t\t\t\t\t\t\t                \n                                        \n                    \n\t\t\t\t\t\t\t\t\t\t<ul class=\"slider-video-post-meta-list\">\n\t\t\t\t\t\t\n\t\t\t\t\t\t\t\t\t\t\t\t                        \n                        \n\t\t\t\t\t\t\t\t\t\t\t\t                                                \n                        \n\n\t\t\t\t\t\t\t\t\t\t\t\t\n\t\t\t\t\t\t\t\t\t\t\t\t\n\t\t\t\t\t\t\t\t\t\t\t\t\n\t\t\t\t\t\t\t\t\t\t\t\t\n\n\t\t\t\t\t<\/ul>\n\t\t\t\t\t\t\t\t\t\t\t\t\t\t\t\n\t\t\t\t\t<div class=\"clearfix-pro\"><\/div>\n                    \n                    \n                                        \n                    \n                                                        \n                                        \n                                        \n                                        \n                                        \n                \n                                                                \n                    \n        \t\t<div class=\"clearfix-pro\"><\/div>\n        \t<\/div><!-- close .progression-video-slider-content -->\n            \n            \n            \n\t\t\t\t\t\t\t\t<\/div><!-- close .progression-skrn-slider-content-alignment -->\n\t\t\t\t\n\t\t\t\t\t\t\t<div class=\"clearfix-pro\"><\/div>\n\t\t\t\t\t\t<\/div>\n\t\t\t\t\t<\/div><!-- close .progression-skrn-slider-content-max-width -->\n\t\t\t\t\t<\/div><!-- close .progression-skrn-slider-content-floating-container -->\n\t\t\t\t\t<\/div><!-- close .progression-skrn-slider-container-max-width -->\n\t\t\t\t<\/div><!-- close .progression-skrn-slider-text-floating-container -->\n\n\n\t\t\t<\/div><!-- close .progression-skrn-slider-elements-display-table -->\n            \n\n            \n            <div class=\"progression-studios-skrn-slider-upside-down\" style=\"background-image:url('https:\/\/bakerplus.net\/wp-content\/uploads\/2022\/10\/MALAIKA-Slider-1.png')\"><\/div>            \n        \t\n\n            <div class=\"slider-background-overlay-color\"><\/div>\n            \n            <div class=\"slider-background-gradient-bottom\"><\/div>\n            \n                    \t\t<a href=\"https:\/\/bakerplus.net\/de\/title\/malaika\/\" class=\"aztec-slider-background-link\"><\/a>\n        \t\t            \n            \n        <\/div><!-- close .progression-studios-aztec-slider-background -->\n    <\/div><!-- #post-## -->\n<\/li>\t\t<li class=\"progression_animate_none\">\n    \n    <div id=\"post-2988\" class=\"progression-studios-video-slider-slide\">\n        <div class=\"progression-studios-aztec-slider-background\" style=\"background-image:url('https:\/\/bakerplus.net\/wp-content\/uploads\/2022\/10\/Abfahrt-Slider-1.png')\">\n            \n            \n\t\t\t<div class=\"progression-skrn-slider-elements-display-table\">\n\t\t\t\t\n\t\t\t\t\n\t\t\t\t<div class=\"progression-skrn-slider-text-floating-container\">\n\t\t\t\t\t<div class=\"progression-skrn-slider-container-max-width\">\n\t\t\t\t\t<div class=\"progression-skrn-slider-content-floating-container\">\n\t\t\t\t\t<div class=\"progression-skrn-slider-content-max-width\">\n\t\t\t\t\t\t\n\t\t\t\t\t\t<div class=\"progression-skrn-slider-content-margins\">\n\t\t\t\t\t\t\t\t<div class=\"progression-skrn-slider-content-alignment\">\n            \n        \t<div class=\"progression-video-slider-content\">\n                \n                                        \n                \n\t\t\t\t\t\t\t\t\t\t\t\t\t\t\t                \n                                        \n                    \n\t\t\t\t\t\t\t\t\t\t<ul class=\"slider-video-post-meta-list\">\n\t\t\t\t\t\t\n\t\t\t\t\t\t\t\t\t\t\t\t                        \n                        \n\t\t\t\t\t\t\t\t\t\t\t\t                                                \n                        \n\n\t\t\t\t\t\t\t\t\t\t\t\t\n\t\t\t\t\t\t\t\t\t\t\t\t\n\t\t\t\t\t\t\t\t\t\t\t\t\n\t\t\t\t\t\t\t\t\t\t\t\t\n\n\t\t\t\t\t<\/ul>\n\t\t\t\t\t\t\t\t\t\t\t\t\t\t\t\n\t\t\t\t\t<div class=\"clearfix-pro\"><\/div>\n                    \n                    \n                                        \n                    \n                                                        \n                                        \n                                        \n                                        \n                                        \n                \n                                                                \n                    \n        \t\t<div class=\"clearfix-pro\"><\/div>\n        \t<\/div><!-- close .progression-video-slider-content -->\n            \n            \n            \n\t\t\t\t\t\t\t\t<\/div><!-- close .progression-skrn-slider-content-alignment -->\n\t\t\t\t\n\t\t\t\t\t\t\t<div class=\"clearfix-pro\"><\/div>\n\t\t\t\t\t\t<\/div>\n\t\t\t\t\t<\/div><!-- close .progression-skrn-slider-content-max-width -->\n\t\t\t\t\t<\/div><!-- close .progression-skrn-slider-content-floating-container -->\n\t\t\t\t\t<\/div><!-- close .progression-skrn-slider-container-max-width -->\n\t\t\t\t<\/div><!-- close .progression-skrn-slider-text-floating-container -->\n\n\n\t\t\t<\/div><!-- close .progression-skrn-slider-elements-display-table -->\n            \n\n            \n            <div class=\"progression-studios-skrn-slider-upside-down\" style=\"background-image:url('https:\/\/bakerplus.net\/wp-content\/uploads\/2022\/10\/Abfahrt-Slider-1.png')\"><\/div>            \n        \t\n\n            <div class=\"slider-background-overlay-color\"><\/div>\n            \n            <div class=\"slider-background-gradient-bottom\"><\/div>\n            \n                    \t\t<a href=\"https:\/\/bakerplus.net\/de\/title\/abfahrt\/\" class=\"aztec-slider-background-link\"><\/a>\n        \t\t            \n            \n        <\/div><!-- close .progression-studios-aztec-slider-background -->\n    <\/div><!-- #post-## -->\n<\/li>\t\t<li class=\"progression_animate_none\">\n    \n    <div id=\"post-2994\" class=\"progression-studios-video-slider-slide\">\n        <div class=\"progression-studios-aztec-slider-background\" style=\"background-image:url('https:\/\/bakerplus.net\/wp-content\/uploads\/2022\/10\/Outrun-Slider-2.png')\">\n            \n            \n\t\t\t<div class=\"progression-skrn-slider-elements-display-table\">\n\t\t\t\t\n\t\t\t\t\n\t\t\t\t<div class=\"progression-skrn-slider-text-floating-container\">\n\t\t\t\t\t<div class=\"progression-skrn-slider-container-max-width\">\n\t\t\t\t\t<div class=\"progression-skrn-slider-content-floating-container\">\n\t\t\t\t\t<div class=\"progression-skrn-slider-content-max-width\">\n\t\t\t\t\t\t\n\t\t\t\t\t\t<div class=\"progression-skrn-slider-content-margins\">\n\t\t\t\t\t\t\t\t<div class=\"progression-skrn-slider-content-alignment\">\n            \n        \t<div class=\"progression-video-slider-content\">\n                \n                                        \n                \n\t\t\t\t\t\t\t\t\t\t\t\t\t\t\t                \n                                        \n                    \n\t\t\t\t\t\t\t\t\t\t<ul class=\"slider-video-post-meta-list\">\n\t\t\t\t\t\t\n\t\t\t\t\t\t\t\t\t\t\t\t                        \n                        \n\t\t\t\t\t\t\t\t\t\t\t\t                                                \n                        \n\n\t\t\t\t\t\t\t\t\t\t\t\t\n\t\t\t\t\t\t\t\t\t\t\t\t\n\t\t\t\t\t\t\t\t\t\t\t\t\n\t\t\t\t\t\t\t\t\t\t\t\t\n\n\t\t\t\t\t<\/ul>\n\t\t\t\t\t\t\t\t\t\t\t\t\t\t\t\n\t\t\t\t\t<div class=\"clearfix-pro\"><\/div>\n                    \n                    \n                                        \n                    \n                                                        \n                                        \n                                        \n                                        \n                                        \n                \n                                                                \n                    \n        \t\t<div class=\"clearfix-pro\"><\/div>\n        \t<\/div><!-- close .progression-video-slider-content -->\n            \n            \n            \n\t\t\t\t\t\t\t\t<\/div><!-- close .progression-skrn-slider-content-alignment -->\n\t\t\t\t\n\t\t\t\t\t\t\t<div class=\"clearfix-pro\"><\/div>\n\t\t\t\t\t\t<\/div>\n\t\t\t\t\t<\/div><!-- close .progression-skrn-slider-content-max-width -->\n\t\t\t\t\t<\/div><!-- close .progression-skrn-slider-content-floating-container -->\n\t\t\t\t\t<\/div><!-- close .progression-skrn-slider-container-max-width -->\n\t\t\t\t<\/div><!-- close .progression-skrn-slider-text-floating-container -->\n\n\n\t\t\t<\/div><!-- close .progression-skrn-slider-elements-display-table -->\n            \n\n            \n            <div class=\"progression-studios-skrn-slider-upside-down\" style=\"background-image:url('https:\/\/bakerplus.net\/wp-content\/uploads\/2022\/10\/Outrun-Slider-2.png')\"><\/div>            \n        \t\n\n            <div class=\"slider-background-overlay-color\"><\/div>\n            \n            <div class=\"slider-background-gradient-bottom\"><\/div>\n            \n                    \t\t<a href=\"https:\/\/bakerplus.net\/de\/title\/outrun\/\" class=\"aztec-slider-background-link\"><\/a>\n        \t\t            \n            \n        <\/div><!-- close .progression-studios-aztec-slider-background -->\n    <\/div><!-- #post-## -->\n<\/li>\t\t                <\/ul>\n    \t\t<\/div><!-- close #progression-video-slider-626775b  -->\n        \n    \t<div class=\"clearfix-pro\"><\/div>\n\t\t<!-- close .boosted-elements-slider-loader-height -->\n\t<\/div><!-- close .progression-studios-elementor-video-slider-container -->\n\t\n    \n\t<script type=\"text\/javascript\">\n\tjQuery(document).ready(function($) {\n\t\t'use strict';\n        \n\t\t$('#progression-video-slider-626775b').flexslider({\n\t\t\tprevText: \"\",\n\t\t\tnextText: \"\",\n\t\t\tslideshow:true,\n\t\t\tslideshowSpeed: 7500,\n\t\t\tanimation: \"fade\",\n\t\t\tanimationSpeed: 1000,\n\t\t\tpauseOnHover: true,\n                  });\n        \n\n        \n\t});\n    \n\n    \n    \n    \n\t<\/script>\n    \n\t\n\n\t\t\n\n    \t\t\t\t\t<\/div>\n\t\t\t\t<\/div>\n\t\t\t\t\t<\/div>\n\t\t<\/div>\n\t\t\t\t\t<\/div>\n\t\t<\/section>\n\t\t\t\t<section class=\"elementor-section elementor-top-section elementor-element elementor-element-d78cfc7 elementor-section-boxed elementor-section-height-default elementor-section-height-default\" data-id=\"d78cfc7\" data-element_type=\"section\" data-e-type=\"section\">\n\t\t\t\t\t\t<div class=\"elementor-container elementor-column-gap-default\">\n\t\t\t\t\t<div class=\"elementor-column elementor-col-100 elementor-top-column elementor-element elementor-element-b390d13\" data-id=\"b390d13\" data-element_type=\"column\" data-e-type=\"column\">\n\t\t\t<div class=\"elementor-widget-wrap elementor-element-populated\">\n\t\t\t\t\t\t<div class=\"elementor-element elementor-element-e8cf80a elementor-widget elementor-widget-spacer\" data-id=\"e8cf80a\" data-element_type=\"widget\" data-e-type=\"widget\" data-widget_type=\"spacer.default\">\n\t\t\t\t<div class=\"elementor-widget-container\">\n\t\t\t\t\t\t\t<div class=\"elementor-spacer\">\n\t\t\t<div class=\"elementor-spacer-inner\"><\/div>\n\t\t<\/div>\n\t\t\t\t\t\t<\/div>\n\t\t\t\t<\/div>\n\t\t\t\t\t<\/div>\n\t\t<\/div>\n\t\t\t\t\t<\/div>\n\t\t<\/section>\n\t\t\t\t<section class=\"elementor-section elementor-top-section elementor-element elementor-element-767b488 elementor-section-boxed elementor-section-height-default elementor-section-height-default\" data-id=\"767b488\" data-element_type=\"section\" data-e-type=\"section\">\n\t\t\t\t\t\t<div class=\"elementor-container elementor-column-gap-default\">\n\t\t\t\t\t<div class=\"elementor-column elementor-col-100 elementor-top-column elementor-element elementor-element-5747bf9\" data-id=\"5747bf9\" data-element_type=\"column\" data-e-type=\"column\">\n\t\t\t<div class=\"elementor-widget-wrap elementor-element-populated\">\n\t\t\t\t\t\t<div class=\"elementor-element elementor-element-fc2991e elementor-widget elementor-widget-heading\" data-id=\"fc2991e\" data-element_type=\"widget\" data-e-type=\"widget\" data-widget_type=\"heading.default\">\n\t\t\t\t<div class=\"elementor-widget-container\">\n\t\t\t\t\t<h1 class=\"elementor-heading-title elementor-size-xl\">Viel Liebe an unsere Partner<\/h1>\t\t\t\t<\/div>\n\t\t\t\t<\/div>\n\t\t\t\t<div class=\"elementor-element elementor-element-061f1d3 elementor-widget elementor-widget-image\" data-id=\"061f1d3\" data-element_type=\"widget\" data-e-type=\"widget\" data-widget_type=\"image.default\">\n\t\t\t\t<div class=\"elementor-widget-container\">\n\t\t\t\t\t\t\t\t\t\t\t\t\t\t\t<img decoding=\"async\" width=\"1024\" height=\"171\" src=\"https:\/\/bakerplus.net\/wp-content\/uploads\/2022\/08\/Partner-Banner.png\" class=\"attachment-large size-large wp-image-2726\" alt=\"\" \/>\t\t\t\t\t\t\t\t\t\t\t\t\t\t\t<\/div>\n\t\t\t\t<\/div>\n\t\t\t\t<div class=\"elementor-element elementor-element-6e7c895 elementor-widget elementor-widget-text-editor\" data-id=\"6e7c895\" data-element_type=\"widget\" data-e-type=\"widget\" data-widget_type=\"text-editor.default\">\n\t\t\t\t<div class=\"elementor-widget-container\">\n\t\t\t\t\t\t\t\t\t<p>Du bist daran interessiert, ein Baker+ Original zu drehen? Das ist cool! Informiere dich \u00fcber unsere Pitch- und Entwicklungsprozesse <a href=\"https:\/\/help.bakerplus.net\/docs\/stream-baker\/bakerplus-originals\/how-can-i-make-a-bakerplus-original\/vvvvvvv\">hier<\/a>.<\/p>\t\t\t\t\t\t\t\t<\/div>\n\t\t\t\t<\/div>\n\t\t\t\t\t<\/div>\n\t\t<\/div>\n\t\t\t\t\t<\/div>\n\t\t<\/section>\n\t\t\t\t<\/div>","protected":false},"excerpt":{"rendered":"<p>What Are Baker+ Originals? A Baker+ Original is a movie or series produced or owned by Baker+. There are multiple ways a Baker+ Original can be made. The most common one is that Baker+ produces it themselves, or in collaboration with a partner studio. Baker+ is also interested in acquiring productions after completion that meet [&hellip;]<\/p>\n","protected":false},"author":1,"featured_media":0,"parent":0,"menu_order":0,"comment_status":"closed","ping_status":"closed","template":"elementor_header_footer","meta":{"footnotes":""},"class_list":["post-2659","page","type-page","status-publish","hentry"],"aioseo_notices":[],"publishpress_future_action":{"enabled":false,"date":"2026-04-26 07:35:40","action":"change-status","newStatus":"draft","terms":[],"taxonomy":"pp_notify_user","extraData":[]},"publishpress_future_workflow_manual_trigger":{"enabledWorkflows":[]},"_links":{"self":[{"href":"https:\/\/bakerplus.net\/de\/wp-json\/wp\/v2\/pages\/2659","targetHints":{"allow":["GET"]}}],"collection":[{"href":"https:\/\/bakerplus.net\/de\/wp-json\/wp\/v2\/pages"}],"about":[{"href":"https:\/\/bakerplus.net\/de\/wp-json\/wp\/v2\/types\/page"}],"author":[{"embeddable":true,"href":"https:\/\/bakerplus.net\/de\/wp-json\/wp\/v2\/users\/1"}],"replies":[{"embeddable":true,"href":"https:\/\/bakerplus.net\/de\/wp-json\/wp\/v2\/comments?post=2659"}],"version-history":[{"count":16,"href":"https:\/\/bakerplus.net\/de\/wp-json\/wp\/v2\/pages\/2659\/revisions"}],"predecessor-version":[{"id":3419,"href":"https:\/\/bakerplus.net\/de\/wp-json\/wp\/v2\/pages\/2659\/revisions\/3419"}],"wp:attachment":[{"href":"https:\/\/bakerplus.net\/de\/wp-json\/wp\/v2\/media?parent=2659"}],"curies":[{"name":"wp","href":"https:\/\/api.w.org\/{rel}","templated":true}]}}